{"id":11609,"date":"2025-10-12T14:56:07","date_gmt":"2025-10-12T12:56:07","guid":{"rendered":"https:\/\/www.hauskristall.at\/?page_id=11609"},"modified":"2025-10-12T14:56:14","modified_gmt":"2025-10-12T12:56:14","slug":"widderstein","status":"publish","type":"page","link":"https:\/\/www.hauskristall.at\/?page_id=11609","title":{"rendered":"Widderstein"},"content":{"rendered":"\n  \n    <section class=\"u-align-center u-clearfix u-container-align-center u-section-1\" id=\"sec-0ce7\">\n      <div class=\"u-clearfix u-sheet u-sheet-1\">\n        <h1 class=\"u-custom-font u-text u-text-custom-color-6 u-text-1\">Ferienwohnung \"Widderstein\"<\/h1>\n      <\/div>\n    <\/section>\n    <section class=\"u-clearfix u-section-2\" id=\"sec-d329\">\n      <div class=\"u-clearfix u-sheet u-sheet-1\">\n        <div class=\"data-layout-selected u-clearfix u-expanded-width u-gutter-0 u-layout-wrap u-layout-wrap-1\">\n          <div class=\"u-layout\" style=\"\">\n            <div class=\"u-layout-row\" style=\"\">\n              <div class=\"u-container-style u-layout-cell u-left-cell u-size-30 u-size-xs-60 u-layout-cell-1\" src=\"\">\n                <div class=\"u-container-layout u-container-layout-1\">\n                  <h2 class=\"u-align-center u-custom-font u-text u-text-custom-color-6 u-text-1\">Details<\/h2>\n                  <ul class=\"u-align-left u-text u-text-2\">\n                    <li>2 - 3 Personen<\/li>\n                    <li>Gr\u00f6\u00dfe: 35 m\u00b2<\/li>\n                    <li>1 Wohn-\/Schlafzimmer mit 1 Doppelbett und Schlafcouch<\/li>\n                    <li>Badezimmer mit Dusche, WC, Doppelwaschbecken, F\u00f6hn<\/li>\n                    <li>vollausgestattete K\u00fcche: K\u00fchlschrank mit kl. Gefrierfach, 2 Zonen-Cerankochfeld, Filterkaffeemaschine, Wasserkocher, Toaster<\/li>\n                    <li>SAT-TV, Mikroanlage mit CD-Player, kostenloses WLAN<\/li>\n                    <li>Balkon: Richtung Westen<\/li>\n                    <li>Lage: 1. Obergeschoss<\/li>\n                  <\/ul>\n                  <p class=\"u-text u-text-3\">ab 1.065,-- Euro f\u00fcr 2 Personen (Nebensaison Winter)&nbsp;&nbsp;<br>ab 1.360,-- Euro f\u00fcr 2 Personen (Hauptsaison Winter)&nbsp;<br>Preis g\u00fcltig f\u00fcr 1 Woche<br>Exkl. Ortstaxe, exkl. Endreinigung 50,-- Euro<br>Inkl. Bettw\u00e4sche, Hand-, Dusch- und Geschirrt\u00fccher\n                  <\/p>\n                  <a href=\"https:\/\/www.hauskristall.at\/?page_id=927\" class=\"u-align-center u-btn u-btn-round u-button-style u-custom-color-6 u-radius-10 u-btn-1\">Anfrage<\/a>\n                <\/div>\n              <\/div>\n              <div class=\"u-align-left u-container-align-left u-container-style u-layout-cell u-right-cell u-size-30 u-size-xs-60 u-layout-cell-2\" src=\"\">\n                <div class=\"u-container-layout u-valign-bottom-lg u-valign-bottom-md u-valign-bottom-sm u-valign-bottom-xs u-container-layout-2\" src=\"\">\n                  <div class=\"u-carousel u-expanded-width u-gallery u-gallery-slider u-layout-carousel u-lightbox u-no-transition u-show-text-on-hover u-gallery-1\" data-interval=\"5000\" data-u-ride=\"carousel\" id=\"carousel-4ac4\">\n                    <ol class=\"u-absolute-hcenter u-carousel-indicators u-carousel-indicators-1\">\n                      <li data-u-target=\"#carousel-4ac4\" data-u-slide-to=\"0\" class=\"u-active u-grey-70 u-shape-circle\" style=\"width: 10px; height: 10px;\"><\/li>\n                      <li data-u-target=\"#carousel-4ac4\" data-u-slide-to=\"1\" class=\"u-grey-70 u-shape-circle\" style=\"width: 10px; height: 10px;\"><\/li>\n                      <li data-u-target=\"#carousel-4ac4\" data-u-slide-to=\"2\" class=\"u-grey-70 u-shape-circle\" style=\"width: 10px; height: 10px;\"><\/li>\n                      <li data-u-target=\"#carousel-4ac4\" data-u-slide-to=\"3\" class=\"u-grey-70 u-shape-circle\" style=\"width: 10px; height: 10px;\"><\/li>\n                      <li data-u-target=\"#carousel-4ac4\" data-u-slide-to=\"4\" class=\"u-grey-70 u-shape-circle\" style=\"width: 10px; height: 10px;\"><\/li>\n                      <li data-u-target=\"#carousel-4ac4\" data-u-slide-to=\"5\" class=\"u-grey-70 u-shape-circle\" style=\"width: 10px; height: 10px;\"><\/li>\n                      <li data-u-target=\"#carousel-4ac4\" data-u-slide-to=\"6\" class=\"u-grey-70 u-shape-circle\" style=\"width: 10px; height: 10px;\"><\/li>\n                    <\/ol>\n                    <div class=\"u-carousel-inner u-gallery-inner u-gallery-inner-1\" role=\"listbox\">\n                      <div class=\"u-active u-carousel-item u-effect-fade u-effect-hover-zoom u-gallery-item u-carousel-item-1\" data-image-width=\"4608\" data-image-height=\"3456\">\n                        <div class=\"u-back-slide\">\n                          <img decoding=\"async\" class=\"u-back-image u-expanded u-image-contain\" src=\"https:\/\/www.hauskristall.at\/wp-content\/uploads\/2025\/10\/01WiddersteinEssbereich-2.jpg\" alt=\"Essbereich\">\n                        <\/div>\n                        <div class=\"u-align-center u-over-slide u-shading u-valign-bottom u-over-slide-1\">\n                          <h3 class=\"u-gallery-heading\">Essbereich<\/h3>\n                        <\/div>\n                        <style data-mode=\"XL\"><\/style>\n                        <style data-mode=\"LG\"><\/style>\n                        <style data-mode=\"MD\"><\/style>\n                        <style data-mode=\"SM\"><\/style>\n                        <style data-mode=\"XS\"><\/style>\n                      <\/div>\n                      <div class=\"u-carousel-item u-effect-fade u-effect-hover-zoom u-gallery-item u-carousel-item-2\" data-image-width=\"4608\" data-image-height=\"3456\">\n                        <div class=\"u-back-slide\">\n                          <img decoding=\"async\" class=\"u-back-image u-expanded u-image-contain\" src=\"https:\/\/www.hauskristall.at\/wp-content\/uploads\/2025\/10\/02WiddersteinWoh-Schlafzi-2.jpg\" alt=\"Wohn-\/Schlafzimmer\">\n                        <\/div>\n                        <div class=\"u-align-center u-over-slide u-shading u-valign-bottom u-over-slide-2\">\n                          <h3 class=\"u-gallery-heading\">Wohn-\/Schlafzimmer<\/h3>\n                        <\/div>\n                        <style data-mode=\"XL\"><\/style>\n                        <style data-mode=\"LG\"><\/style>\n                        <style data-mode=\"MD\"><\/style>\n                        <style data-mode=\"SM\"><\/style>\n                        <style data-mode=\"XS\"><\/style>\n                      <\/div>\n                      <div class=\"u-carousel-item u-effect-fade u-effect-hover-zoom u-gallery-item u-carousel-item-3\" data-image-width=\"1536\" data-image-height=\"1024\">\n                        <div class=\"u-back-slide\">\n                          <img decoding=\"async\" class=\"u-back-image u-expanded u-image-contain\" src=\"https:\/\/www.hauskristall.at\/wp-content\/uploads\/2025\/10\/03WiddersteinWoh-Schlafzi-2.jpeg\" alt=\"Wohn-\/Schlafzimmer\">\n                        <\/div>\n                        <div class=\"u-align-center u-over-slide u-shading u-valign-bottom u-over-slide-3\">\n                          <h3 class=\"u-gallery-heading\">Wohn-\/Schlafzimmer<\/h3>\n                        <\/div>\n                        <style data-mode=\"XL\"><\/style>\n                        <style data-mode=\"LG\"><\/style>\n                        <style data-mode=\"MD\"><\/style>\n                        <style data-mode=\"SM\"><\/style>\n                        <style data-mode=\"XS\"><\/style>\n                      <\/div>\n                      <div class=\"u-carousel-item u-effect-fade u-effect-hover-zoom u-gallery-item u-carousel-item-4\" data-image-width=\"3456\" data-image-height=\"4608\">\n                        <div class=\"u-back-slide\">\n                          <img decoding=\"async\" class=\"u-back-image u-expanded u-image-contain\" src=\"https:\/\/www.hauskristall.at\/wp-content\/uploads\/2025\/10\/04WiddersteinKuche-2.jpg\" alt=\"K\u00fcche\">\n                        <\/div>\n                        <div class=\"u-align-center u-over-slide u-shading u-valign-bottom u-over-slide-4\">\n                          <h3 class=\"u-gallery-heading\">K\u00fcche<\/h3>\n                        <\/div>\n                        <style data-mode=\"XL\"><\/style>\n                        <style data-mode=\"LG\"><\/style>\n                        <style data-mode=\"MD\"><\/style>\n                        <style data-mode=\"SM\"><\/style>\n                        <style data-mode=\"XS\"><\/style>\n                      <\/div>\n                      <div class=\"u-carousel-item u-effect-fade u-effect-hover-zoom u-gallery-item u-carousel-item-5\" data-image-width=\"4608\" data-image-height=\"3456\">\n                        <div class=\"u-back-slide\">\n                          <img decoding=\"async\" class=\"u-back-image u-expanded u-image-contain\" src=\"https:\/\/www.hauskristall.at\/wp-content\/uploads\/2025\/10\/05WiddersteinBad-2.jpg\" alt=\"Bad\">\n                        <\/div>\n                        <div class=\"u-align-center u-over-slide u-shading u-valign-bottom u-over-slide-5\">\n                          <h3 class=\"u-gallery-heading\">Bad<\/h3>\n                        <\/div>\n                        <style data-mode=\"XL\"><\/style>\n                        <style data-mode=\"LG\"><\/style>\n                        <style data-mode=\"MD\"><\/style>\n                        <style data-mode=\"SM\"><\/style>\n                        <style data-mode=\"XS\"><\/style>\n                      <\/div>\n                      <div class=\"u-carousel-item u-effect-fade u-effect-hover-zoom u-gallery-item u-carousel-item-6\" data-image-width=\"3456\" data-image-height=\"4608\">\n                        <div class=\"u-back-slide\">\n                          <img decoding=\"async\" class=\"u-back-image u-expanded u-image-contain\" src=\"https:\/\/www.hauskristall.at\/wp-content\/uploads\/2025\/10\/06WiddersteinBad-2.jpg\" alt=\"Bad\">\n                        <\/div>\n                        <div class=\"u-align-center u-over-slide u-shading u-valign-bottom u-over-slide-6\">\n                          <h3 class=\"u-gallery-heading\">Bad<\/h3>\n                        <\/div>\n                        <style data-mode=\"XL\"><\/style>\n                        <style data-mode=\"LG\"><\/style>\n                        <style data-mode=\"MD\"><\/style>\n                        <style data-mode=\"SM\"><\/style>\n                        <style data-mode=\"XS\"><\/style>\n                      <\/div>\n                      <div class=\"u-carousel-item u-effect-fade u-effect-hover-zoom u-gallery-item u-carousel-item-7\">\n                        <div class=\"u-back-slide\" data-image-width=\"595\" data-image-height=\"842\">\n                          <img decoding=\"async\" class=\"u-back-image u-expanded u-image-contain\" src=\"https:\/\/www.hauskristall.at\/wp-content\/uploads\/2025\/10\/07WiddersteinGrundriss-2.jpg\" alt=\"Grundriss\">\n                        <\/div>\n                        <div class=\"u-align-center u-over-slide u-shading u-valign-bottom u-over-slide-7\">\n                          <h3 class=\"u-gallery-heading\">Grundriss<\/h3>\n                        <\/div>\n                      <\/div>\n                    <\/div>\n                    <a class=\"u-absolute-vcenter u-carousel-control u-carousel-control-prev u-grey-70 u-icon-circle u-opacity u-opacity-70 u-spacing-10 u-text-white u-carousel-control-1\" href=\"#carousel-4ac4\" role=\"button\" data-u-slide=\"prev\"><span aria-hidden=\"true\">\n                        <svg viewBox=\"0 0 451.847 451.847\"><path d=\"M97.141,225.92c0-8.095,3.091-16.192,9.259-22.366L300.689,9.27c12.359-12.359,32.397-12.359,44.751,0\nc12.354,12.354,12.354,32.388,0,44.748L173.525,225.92l171.903,171.909c12.354,12.354,12.354,32.391,0,44.744\nc-12.354,12.365-32.386,12.365-44.745,0l-194.29-194.281C100.226,242.115,97.141,234.018,97.141,225.92z\"><\/path><\/svg><\/span><span class=\"sr-only\">\n                        <svg viewBox=\"0 0 451.847 451.847\"><path d=\"M97.141,225.92c0-8.095,3.091-16.192,9.259-22.366L300.689,9.27c12.359-12.359,32.397-12.359,44.751,0\nc12.354,12.354,12.354,32.388,0,44.748L173.525,225.92l171.903,171.909c12.354,12.354,12.354,32.391,0,44.744\nc-12.354,12.365-32.386,12.365-44.745,0l-194.29-194.281C100.226,242.115,97.141,234.018,97.141,225.92z\"><\/path><\/svg><\/span>\n                    <\/a>\n                    <a class=\"u-absolute-vcenter u-carousel-control u-carousel-control-next u-grey-70 u-icon-circle u-opacity u-opacity-70 u-spacing-10 u-text-white u-carousel-control-2\" href=\"#carousel-4ac4\" role=\"button\" data-u-slide=\"next\"><span aria-hidden=\"true\">\n                        <svg viewBox=\"0 0 451.846 451.847\"><path d=\"M345.441,248.292L151.154,442.573c-12.359,12.365-32.397,12.365-44.75,0c-12.354-12.354-12.354-32.391,0-44.744\nL278.318,225.92L106.409,54.017c-12.354-12.359-12.354-32.394,0-44.748c12.354-12.359,32.391-12.359,44.75,0l194.287,194.284\nc6.177,6.18,9.262,14.271,9.262,22.366C354.708,234.018,351.617,242.115,345.441,248.292z\"><\/path><\/svg><\/span><span class=\"sr-only\">\n                        <svg viewBox=\"0 0 451.846 451.847\"><path d=\"M345.441,248.292L151.154,442.573c-12.359,12.365-32.397,12.365-44.75,0c-12.354-12.354-12.354-32.391,0-44.744\nL278.318,225.92L106.409,54.017c-12.354-12.359-12.354-32.394,0-44.748c12.354-12.359,32.391-12.359,44.75,0l194.287,194.284\nc6.177,6.18,9.262,14.271,9.262,22.366C354.708,234.018,351.617,242.115,345.441,248.292z\"><\/path><\/svg><\/span>\n                    <\/a>\n                  <\/div>\n                <\/div>\n              <\/div>\n            <\/div>\n          <\/div>\n        <\/div>\n      <\/div>\n    <\/section>\n    \n    \n    \n    \n  \n","protected":false},"excerpt":{"rendered":"<p>Ferienwohnung &#8220;Widderstein&#8221; Details 2 &#8211; 3 Personen Gr\u00f6\u00dfe: 35 m\u00b2 1 Wohn-\/Schlafzimmer mit 1 Doppelbett und Schlafcouch Badezimmer mit Dusche, WC, Doppelwaschbecken, F\u00f6hn vollausgestattete K\u00fcche: K\u00fchlschrank mit kl. Gefrierfach, 2 Zonen-Cerankochfeld, Filterkaffeemaschine, Wasserkocher, Toaster SAT-TV, Mikroanlage mit CD-Player, kostenloses WLAN Balkon: Richtung Westen Lage: 1. Obergeschoss ab 1.065,&#8211; Euro f\u00fcr 2 Personen (Nebensaison Winter)&nbsp;&nbsp;ab 1.360,&#8211; &hellip; <a href=\"https:\/\/www.hauskristall.at\/?page_id=11609\" class=\"more-link\">Continue reading<span class=\"screen-reader-text\"> &#8220;Widderstein&#8221;<\/span><\/a><\/p>\n","protected":false},"author":1,"featured_media":0,"parent":0,"menu_order":14,"comment_status":"closed","ping_status":"closed","template":"","meta":{"ngg_post_thumbnail":0,"footnotes":""},"class_list":["post-11609","page","type-page","status-publish","hentry"],"_links":{"self":[{"href":"https:\/\/www.hauskristall.at\/index.php?rest_route=\/wp\/v2\/pages\/11609","targetHints":{"allow":["GET"]}}],"collection":[{"href":"https:\/\/www.hauskristall.at\/index.php?rest_route=\/wp\/v2\/pages"}],"about":[{"href":"https:\/\/www.hauskristall.at\/index.php?rest_route=\/wp\/v2\/types\/page"}],"author":[{"embeddable":true,"href":"https:\/\/www.hauskristall.at\/index.php?rest_route=\/wp\/v2\/users\/1"}],"replies":[{"embeddable":true,"href":"https:\/\/www.hauskristall.at\/index.php?rest_route=%2Fwp%2Fv2%2Fcomments&post=11609"}],"version-history":[{"count":1,"href":"https:\/\/www.hauskristall.at\/index.php?rest_route=\/wp\/v2\/pages\/11609\/revisions"}],"predecessor-version":[{"id":11628,"href":"https:\/\/www.hauskristall.at\/index.php?rest_route=\/wp\/v2\/pages\/11609\/revisions\/11628"}],"wp:attachment":[{"href":"https:\/\/www.hauskristall.at\/index.php?rest_route=%2Fwp%2Fv2%2Fmedia&parent=11609"}],"curies":[{"name":"wp","href":"https:\/\/api.w.org\/{rel}","templated":true}]}}