{"id":11605,"date":"2025-10-12T14:56:03","date_gmt":"2025-10-12T12:56:03","guid":{"rendered":"https:\/\/www.hauskristall.at\/?page_id=11605"},"modified":"2025-10-12T14:56:14","modified_gmt":"2025-10-12T12:56:14","slug":"ferienwohnungen","status":"publish","type":"page","link":"https:\/\/www.hauskristall.at\/?page_id=11605","title":{"rendered":"Ferienwohnungen"},"content":{"rendered":"\n  \n    <section class=\"u-align-center u-clearfix u-container-align-center u-section-1\" id=\"sec-dd83\">\n      <div class=\"u-clearfix u-sheet u-valign-middle-lg u-valign-middle-md u-valign-middle-sm u-valign-middle-xs u-sheet-1\">\n        <h1 class=\"u-custom-font u-text u-text-custom-color-6 u-text-default u-text-1\">Ferienwohnungen<\/h1>\n        <h4 class=\"u-custom-font u-font-open-sans u-text u-text-default u-text-2\">Unser Haus verf\u00fcgt \u00fcber 9 gepflegte Ferienwohnungen&nbsp;mit hellen Korb- und Naturholzm\u00f6beln.&nbsp;<br>\n        <\/h4>\n        <div class=\"u-list u-list-1\">\n          <div class=\"u-repeater u-repeater-1\">\n            <div class=\"u-align-center u-container-align-center u-container-style u-list-item u-repeater-item\">\n              <div class=\"u-container-layout u-similar-container u-valign-top u-container-layout-1\">\n                <img decoding=\"async\" alt=\"\" class=\"u-expanded-width u-hover-feature u-image u-image-round u-radius u-image-1\" src=\"https:\/\/www.hauskristall.at\/wp-content\/uploads\/2025\/10\/02ArlbergWohnzi-2.jpg\" data-href=\"https:\/\/www.hauskristall.at\/?page_id=11599\" data-image-width=\"4608\" data-image-height=\"3456\">\n                <div class=\"u-align-center u-container-align-center u-container-style u-group u-palette-5-light-2 u-radius u-shape-round u-video-cover u-group-1\" data-href=\"https:\/\/www.hauskristall.at\/?page_id=11599\">\n                  <div class=\"u-container-layout u-container-layout-2\">\n                    <h4 class=\"u-custom-font u-font-open-sans u-text u-text-3\">Arlberg<\/h4>\n                    <h6 class=\"u-custom-font u-font-open-sans u-text u-text-custom-color-6 u-text-4\">4-5 Personen - 45 m\u00b2<\/h6>\n                  <\/div>\n                <\/div>\n              <\/div>\n            <\/div>\n            <div class=\"u-align-center u-container-align-center u-container-style u-list-item u-repeater-item\">\n              <div class=\"u-container-layout u-similar-container u-valign-top u-container-layout-3\">\n                <img decoding=\"async\" alt=\"\" class=\"u-expanded-width u-hover-feature u-image u-image-round u-radius u-image-2\" src=\"https:\/\/www.hauskristall.at\/wp-content\/uploads\/2025\/10\/01BiberkopfWohnzi-2.jpg\" data-href=\"https:\/\/www.hauskristall.at\/?page_id=11606\" data-image-width=\"4608\" data-image-height=\"3456\">\n                <div class=\"u-align-center u-container-align-center u-container-style u-group u-palette-5-light-2 u-radius u-shape-round u-video-cover u-group-2\" data-href=\"https:\/\/www.hauskristall.at\/?page_id=11606\">\n                  <div class=\"u-container-layout u-container-layout-4\">\n                    <h4 class=\"u-custom-font u-font-open-sans u-text u-text-default u-text-5\">Biberkopf<\/h4>\n                    <h6 class=\"u-custom-font u-font-open-sans u-text u-text-custom-color-6 u-text-default u-text-6\">4-5 Personen - 49 m\u00b2<\/h6>\n                  <\/div>\n                <\/div>\n              <\/div>\n            <\/div>\n            <div class=\"u-align-center u-container-align-center u-container-style u-list-item u-repeater-item\">\n              <div class=\"u-container-layout u-similar-container u-valign-top u-container-layout-5\">\n                <img decoding=\"async\" alt=\"\" class=\"u-expanded-width u-hover-feature u-image u-image-round u-radius u-image-3\" src=\"https:\/\/www.hauskristall.at\/wp-content\/uploads\/2025\/10\/01BraunarlWohnzimmer-2.jpg\" data-href=\"https:\/\/www.hauskristall.at\/?page_id=11611\" data-image-width=\"4608\" data-image-height=\"3456\">\n                <div class=\"u-align-center u-container-align-center u-container-style u-group u-palette-5-light-2 u-radius u-shape-round u-group-3\" data-href=\"https:\/\/www.hauskristall.at\/?page_id=11611\">\n                  <div class=\"u-container-layout u-container-layout-6\">\n                    <h4 class=\"u-custom-font u-font-open-sans u-text u-text-default u-text-7\">Braunarl<\/h4>\n                    <h6 class=\"u-custom-font u-font-open-sans u-text u-text-custom-color-6 u-text-default u-text-8\">2 Personen - 30 m\u00b2<\/h6>\n                  <\/div>\n                <\/div>\n              <\/div>\n            <\/div>\n            <div class=\"u-align-center u-container-align-center u-container-style u-list-item u-repeater-item\">\n              <div class=\"u-container-layout u-similar-container u-valign-top u-container-layout-7\">\n                <img decoding=\"async\" alt=\"\" class=\"u-expanded-width u-hover-feature u-image u-image-round u-radius u-image-4\" src=\"https:\/\/www.hauskristall.at\/wp-content\/uploads\/2025\/10\/02KarhornWohnSchlafz-2.jpeg\" data-href=\"https:\/\/www.hauskristall.at\/?page_id=11614\" data-image-width=\"1536\" data-image-height=\"1024\">\n                <div class=\"u-align-center u-container-align-center u-container-style u-group u-palette-5-light-2 u-radius u-shape-round u-video-cover u-group-4\" data-href=\"https:\/\/www.hauskristall.at\/?page_id=11614\">\n                  <div class=\"u-container-layout u-container-layout-8\">\n                    <h4 class=\"u-custom-font u-font-open-sans u-text u-text-default u-text-9\">Karhorn<\/h4>\n                    <h6 class=\"u-custom-font u-font-open-sans u-text u-text-custom-color-6 u-text-default u-text-10\">2-3 Personen - 35 m\u00b2<\/h6>\n                  <\/div>\n                <\/div>\n              <\/div>\n            <\/div>\n            <div class=\"u-container-style u-list-item u-repeater-item\">\n              <div class=\"u-container-layout u-similar-container u-valign-top u-container-layout-9\">\n                <img decoding=\"async\" alt=\"\" class=\"u-expanded-width u-hover-feature u-image u-image-round u-radius u-image-5\" src=\"https:\/\/www.hauskristall.at\/wp-content\/uploads\/2025\/10\/04MittagspitzeSchlafzimmer-2.jpg\" data-href=\"https:\/\/www.hauskristall.at\/?page_id=11600\" data-image-width=\"4608\" data-image-height=\"3456\">\n                <div class=\"u-align-center u-container-align-center u-container-style u-group u-palette-5-light-2 u-radius u-shape-round u-video-cover u-group-5\" data-href=\"https:\/\/www.hauskristall.at\/?page_id=11600\">\n                  <div class=\"u-container-layout u-container-layout-10\">\n                    <h4 class=\"u-custom-font u-font-open-sans u-text u-text-default u-text-11\">Mittagspitze<\/h4>\n                    <h6 class=\"u-custom-font u-font-open-sans u-text u-text-custom-color-6 u-text-default u-text-12\">2-3 Personen - 36 m\u00b2<\/h6>\n                  <\/div>\n                <\/div>\n              <\/div>\n            <\/div>\n            <div class=\"u-align-center u-container-align-center u-container-style u-list-item u-repeater-item\">\n              <div class=\"u-container-layout u-similar-container u-valign-top u-container-layout-11\">\n                <img decoding=\"async\" alt=\"\" class=\"u-expanded-width u-hover-feature u-image u-image-round u-radius u-image-6\" src=\"https:\/\/www.hauskristall.at\/wp-content\/uploads\/2025\/10\/01MohnenfluhWohnzi-2.jpg\" data-href=\"https:\/\/www.hauskristall.at\/?page_id=11610\" data-image-width=\"4608\" data-image-height=\"3456\">\n                <div class=\"u-align-center u-container-align-center u-container-style u-group u-palette-5-light-2 u-radius u-shape-round u-video-cover u-group-6\" data-href=\"https:\/\/www.hauskristall.at\/?page_id=11610\">\n                  <div class=\"u-container-layout u-container-layout-12\">\n                    <h4 class=\"u-custom-font u-font-open-sans u-text u-text-default u-text-13\">Mohnenfluh<\/h4>\n                    <h6 class=\"u-custom-font u-font-open-sans u-text u-text-custom-color-6 u-text-default u-text-14\">4-5 Personen - 49 m\u00b2<\/h6>\n                  <\/div>\n                <\/div>\n              <\/div>\n            <\/div>\n            <div class=\"u-align-center u-container-align-center u-container-style u-list-item u-repeater-item\">\n              <div class=\"u-container-layout u-similar-container u-valign-top u-container-layout-11\">\n                <img decoding=\"async\" alt=\"\" class=\"u-expanded-width u-hover-feature u-image u-image-round u-radius u-image-6\" src=\"https:\/\/www.hauskristall.at\/wp-content\/uploads\/2025\/10\/01RoteWandWohnzi-2.jpg\" data-href=\"https:\/\/www.hauskristall.at\/?page_id=11612\" data-image-width=\"4608\" data-image-height=\"3456\">\n                <div class=\"u-align-center u-container-align-center u-container-style u-group u-palette-5-light-2 u-radius u-shape-round u-video-cover u-group-6\" data-href=\"https:\/\/www.hauskristall.at\/?page_id=11612\">\n                  <div class=\"u-container-layout u-container-layout-12\">\n                    <h4 class=\"u-custom-font u-font-open-sans u-text u-text-default u-text-13\">Rote Wand<\/h4>\n                    <h6 class=\"u-custom-font u-font-open-sans u-text u-text-custom-color-6 u-text-default u-text-14\">4 Personen - 45 m\u00b2<\/h6>\n                  <\/div>\n                <\/div>\n              <\/div>\n            <\/div>\n            <div class=\"u-align-center u-container-align-center u-container-style u-list-item u-repeater-item\">\n              <div class=\"u-container-layout u-similar-container u-valign-top u-container-layout-11\">\n                <img decoding=\"async\" alt=\"\" class=\"u-expanded-width u-hover-feature u-image u-image-round u-radius u-image-6\" src=\"https:\/\/www.hauskristall.at\/wp-content\/uploads\/2025\/10\/02WartherHornWohnSchlafz-2.jpg\" data-href=\"https:\/\/www.hauskristall.at\/?page_id=11604\" data-image-width=\"4608\" data-image-height=\"3456\">\n                <div class=\"u-align-center u-container-align-center u-container-style u-group u-palette-5-light-2 u-radius u-shape-round u-video-cover u-group-6\" data-href=\"https:\/\/www.hauskristall.at\/?page_id=11604\">\n                  <div class=\"u-container-layout u-container-layout-12\">\n                    <h4 class=\"u-custom-font u-font-open-sans u-text u-text-default u-text-13\">Warther Horn<\/h4>\n                    <h6 class=\"u-custom-font u-font-open-sans u-text u-text-custom-color-6 u-text-14\">2-3 Personen - 33 m\u00b2<\/h6>\n                  <\/div>\n                <\/div>\n              <\/div>\n            <\/div>\n            <div class=\"u-align-center u-container-align-center u-container-style u-list-item u-repeater-item\">\n              <div class=\"u-container-layout u-similar-container u-valign-top u-container-layout-11\">\n                <img decoding=\"async\" alt=\"\" class=\"u-expanded-width u-hover-feature u-image u-image-round u-radius u-image-6\" src=\"https:\/\/www.hauskristall.at\/wp-content\/uploads\/2025\/10\/02WiddersteinWoh-Schlafzi-2.jpg\" data-href=\"https:\/\/www.hauskristall.at\/?page_id=11609\" data-image-width=\"4608\" data-image-height=\"3456\">\n                <div class=\"u-align-center u-container-align-center u-container-style u-group u-palette-5-light-2 u-radius u-shape-round u-video-cover u-group-6\" data-href=\"https:\/\/www.hauskristall.at\/?page_id=11609\">\n                  <div class=\"u-container-layout u-container-layout-12\">\n                    <h4 class=\"u-custom-font u-font-open-sans u-text u-text-default u-text-13\">Widderstein<\/h4>\n                    <h6 class=\"u-custom-font u-font-open-sans u-text u-text-custom-color-6 u-text-default u-text-14\">2-3 Personen - 35 m\u00b2<\/h6>\n                  <\/div>\n                <\/div>\n              <\/div>\n            <\/div>\n          <\/div>\n        <\/div>\n      <\/div>\n      \n      \n      \n      \n      \n      \n    <\/section>\n    \n    \n    \n    \n  \n","protected":false},"excerpt":{"rendered":"<p>Ferienwohnungen Unser Haus verf\u00fcgt \u00fcber 9 gepflegte Ferienwohnungen&nbsp;mit hellen Korb- und Naturholzm\u00f6beln.&nbsp; Arlberg 4-5 Personen &#8211; 45 m\u00b2 Biberkopf 4-5 Personen &#8211; 49 m\u00b2 Braunarl 2 Personen &#8211; 30 m\u00b2 Karhorn 2-3 Personen &#8211; 35 m\u00b2 Mittagspitze 2-3 Personen &#8211; 36 m\u00b2 Mohnenfluh 4-5 Personen &#8211; 49 m\u00b2 Rote Wand 4 Personen &#8211; 45 m\u00b2 &hellip; <a href=\"https:\/\/www.hauskristall.at\/?page_id=11605\" class=\"more-link\">Continue reading<span class=\"screen-reader-text\"> &#8220;Ferienwohnungen&#8221;<\/span><\/a><\/p>\n","protected":false},"author":1,"featured_media":0,"parent":0,"menu_order":10,"comment_status":"closed","ping_status":"closed","template":"","meta":{"ngg_post_thumbnail":0,"footnotes":""},"class_list":["post-11605","page","type-page","status-publish","hentry"],"_links":{"self":[{"href":"https:\/\/www.hauskristall.at\/index.php?rest_route=\/wp\/v2\/pages\/11605","targetHints":{"allow":["GET"]}}],"collection":[{"href":"https:\/\/www.hauskristall.at\/index.php?rest_route=\/wp\/v2\/pages"}],"about":[{"href":"https:\/\/www.hauskristall.at\/index.php?rest_route=\/wp\/v2\/types\/page"}],"author":[{"embeddable":true,"href":"https:\/\/www.hauskristall.at\/index.php?rest_route=\/wp\/v2\/users\/1"}],"replies":[{"embeddable":true,"href":"https:\/\/www.hauskristall.at\/index.php?rest_route=%2Fwp%2Fv2%2Fcomments&post=11605"}],"version-history":[{"count":1,"href":"https:\/\/www.hauskristall.at\/index.php?rest_route=\/wp\/v2\/pages\/11605\/revisions"}],"predecessor-version":[{"id":11624,"href":"https:\/\/www.hauskristall.at\/index.php?rest_route=\/wp\/v2\/pages\/11605\/revisions\/11624"}],"wp:attachment":[{"href":"https:\/\/www.hauskristall.at\/index.php?rest_route=%2Fwp%2Fv2%2Fmedia&parent=11605"}],"curies":[{"name":"wp","href":"https:\/\/api.w.org\/{rel}","templated":true}]}}