{"id":11602,"date":"2025-10-12T14:56:00","date_gmt":"2025-10-12T12:56:00","guid":{"rendered":"https:\/\/www.hauskristall.at\/?page_id=11602"},"modified":"2025-10-12T14:56:14","modified_gmt":"2025-10-12T12:56:14","slug":"haus-kristall","status":"publish","type":"page","link":"https:\/\/www.hauskristall.at\/","title":{"rendered":"Haus Kristall"},"content":{"rendered":"\n  \n    <section class=\"u-align-center u-clearfix u-container-align-center u-section-1\" id=\"sec-dc9a\">\n      <div class=\"u-clearfix u-sheet u-valign-middle u-sheet-1\">\n        <h2 class=\"u-custom-font u-text u-text-custom-color-6 u-text-1\">Herzlich Willkommen im&nbsp;Haus Kristall<\/h2>\n      <\/div>\n    <\/section>\n    <section id=\"carousel-13d5\" class=\"u-carousel u-carousel-duration-5000 u-carousel-left u-slide u-block-597e-1\" data-u-ride=\"false\" data-interval=\"10000\" data-pause=\"hover\" style=\"background-image: linear-gradient(0deg, rgba(0, 0, 0, 0.55), rgba(0, 0, 0, 0.55)), url(&quot;data:image\/svg+xml;base64,PHN2ZyB2ZXJzaW9uPSIxLjEiIGlkPSJkZWZhdWx0LWltYWdlLXNvbGlkIiB4bWxucz0iaHR0cDovL3d3dy53My5vcmcvMjAwMC9zdmciIHg9IjBweCIgeT0iMHB4IiB2aWV3Qm94PSIwIDAgNDAwIDI2NSIgc3R5bGU9IndpZHRoOiA0MDBweDsgaGVpZ2h0OiAyNjVweDsiPg0KPHJlY3QgZmlsbD0iI0M2RDhFMSIgd2lkdGg9IjQwMCIgaGVpZ2h0PSIyNjUiLz4NCjxwYXRoIGZpbGw9IiNEOUUzRTgiIGQ9Ik0zOTUuMyw5Ni4yYy01LTAuOC02LjEsMS4xLTguNSwyLjljLTEtMi4zLTIuNi02LjItNy43LTVjMS41LTUuMy0yLjYtOC40LTcuNy04LjRjLTAuNiwwLTEuMiwwLjEtMS44LDAuMg0KCWMtMS44LTQuMS02LTYuOS0xMC43LTYuOWMtNi41LDAtMTEuOCw1LjMtMTEuOCwxMS44YzAsMC40LDAsMC45LDAuMSwxLjNjLTEuMi0wLjgtMi41LTEuMy0zLjktMS4zYy00LjMsMC03LjksNC4yLTcuOSw5LjQNCgljMCwxLjIsMC4yLDIuNCwwLjYsMy41Yy0wLjUtMC4xLTEtMC4xLTEuNi0wLjFjLTYuOSwwLTEyLjUsNS41LTEyLjcsMTIuNGMtMC45LTAuMi0xLjktMC40LTIuOS0wLjRjLTYuNCwwLTExLjcsNS4yLTEyLjUsMTEuOA0KCWMtMS4yLTAuNC0yLjUtMC42LTMuOS0wLjZjLTUuOSwwLTEwLjgsMy44LTEyLjEsOC45Yy0yLjQtMi01LjUtMy4yLTguOS0zLjJjLTYsMC0xMS4xLDMuNy0xMi44LDguOGMtMS41LTEuNC0zLjgtMi4zLTYuMy0yLjMNCgljLTIuMSwwLTQuMSwwLjYtNS41LDEuN2gtMC4xYy0xLjMtNS41LTYuMi05LjUtMTIuMS05LjVjLTIuNCwwLTQuNywwLjctNi42LDEuOWMtMS40LTAuNy0zLTEuMi00LjgtMS4yYy0wLjMsMC0wLjUsMC0wLjgsMA0KCWMtMS41LTQuMS01LjItNy05LjUtN2MtMy4xLDAtNS45LDEuNS03LjgsMy45Yy0yLjItNC44LTYuOC04LjItMTIuMi04LjJjLTUuNiwwLTEwLjUsMy43LTEyLjUsOC44Yy0yLjEtMC45LTQuNC0xLjUtNi45LTEuNQ0KCWMtNi44LDAtMTIuNSwzLjktMTQuNSw5LjNjLTAuMiwwLTAuNSwwLTAuNywwYy01LjIsMC05LjYsMy4yLTExLjQsNy44Yy0yLjctMi44LTctNC41LTExLjgtNC41Yy0zLjMsMC02LjQsMC45LTguOSwyLjMNCgljLTIuMS02LjUtOC0xMi4yLTE4LjEtOS45Yy0yLjctMi4zLTYuMy0zLjctMTAuMS0zLjdjLTIuNSwwLTQuOCwwLjYtNi45LDEuNmMtMi4yLTUuOS03LjktMTAuMS0xNC42LTEwLjFjLTguNiwwLTE1LjYsNy0xNS42LDE1LjYNCgljMCwwLjksMC4xLDEuNywwLjIsMi41Yy0yLjYtNS03LjgtOC40LTEzLjgtOC40Yy04LjMsMC0xNS4xLDYuNS0xNS42LDE0LjZjLTIuOS0zLjItNy01LjMtMTEuNy01LjNjLTcuNCwwLTEzLjUsNS4xLTE1LjIsMTINCgljLTIuOS0zLjUtOS44LTYtMTQuNy02djExOS4yaDQwMFYxMDJDNDAwLDEwMiw0MDAsOTcsMzk1LjMsOTYuMnoiLz4NCjxwYXRoIGZpbGw9IiM4RUE4QkIiIGQ9Ik00MDAsMjA2LjJjMCwwLTI1LjMtMTkuMi0zMy42LTI1LjdjLTEzLjQtMTAuNi0yMy4xLTEyLjktMzEuNy03cy0yMy45LDE5LjctMjMuOSwxOS43cy01OC45LTYzLjktNjEuNS02Ni40DQoJYy0xLjUtMS40LTMuNi0xLjctNS41LTAuOWMtNS4yLDIuNC0xNy42LDkuNy0yNC41LDEyLjdjLTYuOSwyLjktNDEtNTAuNy00OS42LTUzcy04NC4zLDgzLjMtMTAxLjQsNzUuMXMtMjYuOS0yLjMtMzUuNCwzLjUNCgljLTguNiw1LjktMTEsNS45LTE1LjksOC4ycy0xNy4xLTUuOS0xNy4xLTUuOVYyNjVjMCwwLDQwMCwwLjIsNDAwLDB2LTU4LjhINDAweiIvPg0KPHBhdGggZmlsbD0iIzdFOTZBNiIgZD0iTTMzMy40LDE3OWMtMTMuMS05LjMtNDAsNC42LTU1LjEsMTAuN2MtMjMuNiw5LjYtOTQtNTQuNC0xMDcuMi01OS43YzAsMC00LjIsMy43LTkuNiw3LjYNCgljLTMuNS0wLjQtOC40LTUuNy05LjktNC43Yy00LjYsMy4xLTE3LjgsMTUuNC0yOC4zLDI2LjZjLTEwLjUsMTEuMy0xMS43LDAtMTUuOC0wLjZjLTIuNS0wLjQtNTQuMSw0Mi41LTU4LjcsNDMuMQ0KCUMyMi4zLDIwNS4zLDAsMTk3LjUsMCwxOTcuNVYyNjVsNDAwLTAuMXYtNTMuM0M0MDAsMjExLjYsMzQ0LjgsMTg3LjEsMzMzLjQsMTc5eiIvPg0KPHBhdGggZmlsbD0iIzc4OEY5RSIgZD0iTTAsMjY0Ljl2LTU4LjZjMCwwLDguMiwxLjgsMTEuMyw1LjNjMy4xLDMuNiwyNi4xLTQuMiwyNi4xLDQuN3MwLjUsNC4yLDAuNSwxNC44YzAsMTAuNywyMy00LjIsMzguMS0xOC40DQoJczM0LjktNDkuMiwzNi0zNWMxLDE0LjItMTUuMSwzOS4yLTI0LDU2LjRDNzkuMSwyNTEuNCw1MS43LDI2NSw1MS43LDI2NUwwLDI2NC45eiIvPg0KPHBhdGggZmlsbD0iIzc4OEY5RSIgZD0iTTEwMCwyNjVjMCwwLDY2LjctMTI1LjEsNjguMy0xMTYuOHMtNi44LDI5LjcsMi4xLDI2LjFjOC45LTMuNiwxNC42LTE2LDE4LjgtOS41czE2LjIsMzguNiwyMS45LDMzLjgNCgljNS43LTQuNywyMS40LTEzLjEsMjIuNC02LjVjMSw2LjUtMSw1LjMtNS43LDIwLjJDMjIzLjEsMjI3LjEsMjAwLDI2NSwyMDAsMjY1aC0xMGMwLDAsNi0yNC44LDguNi0zNC45YzIuNi0xMC4xLTMuNy0xOS0xMi04LjMNCglzLTIzLDIyLTI0LDE3LjhzLTUuNy0zMC4zLTE4LjgtMTQuMmMtMTMsMTYtMzMuOCwzOS43LTMzLjgsMzkuN2gtMTBWMjY1eiIvPg0KPHBhdGggZmlsbD0iIzc4OEY5RSIgZD0iTTI0NSwyNjVjMCwwLDE5LjgtNTQuNywzMy40LTY0LjJzNTMuNy0yNy45LDQ2LjktMTMuNmMtNi44LDE0LjItMTEsMzQuNC0yMC4zLDQ5LjgNCgljLTkuNCwxNS40LTE4LjgsMjYuMS0xNC4xLDEzLjZjNC43LTEyLjUsNi40LTIzLjMsMy43LTIzLjFDMjcxLjMsMjI5LjEsMjYwLDI2NSwyNjAsMjY1SDI0NXoiLz4NCjwvc3ZnPg0K&quot;);\">\n      <ol class=\"u-absolute-hcenter u-carousel-indicators u-block-597e-2\">\n        <li data-u-target=\"#carousel-13d5\" class=\"u-active u-grey-30\" data-u-slide-to=\"0\"><\/li>\n        <li data-u-target=\"#carousel-13d5\" class=\"u-grey-30\" data-u-slide-to=\"1\"><\/li>\n        <li data-u-target=\"#carousel-13d5\" class=\"u-grey-30\" data-u-slide-to=\"2\"><\/li>\n        <li data-u-target=\"#carousel-13d5\" class=\"u-grey-30\" data-u-slide-to=\"3\"><\/li>\n        <li data-u-target=\"#carousel-13d5\" class=\"u-grey-30\" data-u-slide-to=\"4\"><\/li>\n        <li data-u-target=\"#carousel-13d5\" class=\"u-grey-30\" data-u-slide-to=\"5\"><\/li>\n      <\/ol>\n      <div class=\"u-carousel-inner\" role=\"listbox\">\n        <div class=\"skrollable u-active u-align-left u-carousel-item u-clearfix u-image u-section-2-1\" src=\"\" data-image-width=\"1600\" data-image-height=\"900\" style=\"background-image: url(&quot;https:\/\/www.hauskristall.at\/wp-content\/uploads\/2025\/10\/HausKristallGroGro-2.jpg&quot;);\">\n          <div class=\"u-clearfix u-sheet u-sheet-1\">\n            <div class=\"u-align-center u-container-align-center u-container-style u-group u-hidden-sm u-hidden-xs u-opacity u-opacity-80 u-radius-50 u-shape-round u-white u-group-1\">\n              <div class=\"u-container-layout u-container-layout-1\">\n                <p class=\"u-custom-font u-font-open-sans u-hidden-sm u-hidden-xs u-large-text u-text u-text-variant u-text-1\">\n                  <br>Sonnig gelegen im Ortszentrum von Warth und&nbsp;direkt&nbsp;im Skiarlberg Skigebiet Warth-Schr\u00f6cken -&nbsp;der Schneegarant am Arlberg!<br>\n                  <br> Auf\nWunsch bringen wir Ihnen morgens&nbsp;frische Br\u00f6tchen&nbsp;vom B\u00e4cker direkt\nvor Ihre Wohnungst\u00fcr.&nbsp;<br>\n                  <br>Genie\u00dfen&nbsp;Sie entspannende\nStunden&nbsp;in unserer Sauna und Infrarotw\u00e4rmekabine mit Ruheraum, die an drei\nbestimmten Tagen in der Woche kostenlos zur Verf\u00fcgung stehen -&nbsp;mit direktem\nZugang zum Schnee. <br>\n                  <br>Mit unserem Skischuhw\u00e4rmer im Skiraum\nk\u00f6nnen Sie sich stets auf warme und behagliche Skischuhe freuen. Zudem k\u00f6nnen\nSie&nbsp;kostenlos Schneeschuhe und Schlitten ausleihen. <br>\n                  <br>Die Dorfbahn, die Dorfabfahrt und die Rodelbahn sind\nnur<br>&nbsp;200 m&nbsp;vom Haus entfernt, um&nbsp;schnell und bequem in die\nwinterlichen Abenteuer zu starten.<br>\n                  <br>Entdecken Sie selbst den Charme unseres Hauses...<br>Sie werden&nbsp;begeistert sein!<br>\n                  <br>Ihre Familie Fritz&nbsp;\n                <\/p>\n              <\/div>\n            <\/div>\n          <\/div>\n        <\/div>\n        <div class=\"skrollable u-align-left u-carousel-item u-clearfix u-image u-section-2-2\" src=\"\" style=\"background-image: url(&quot;https:\/\/www.hauskristall.at\/wp-content\/uploads\/2025\/10\/Wintershooting2019cWarth-SchrckenTourismus_Fotograf_RatkoMedienagentur-ratko.at_DJI_0227Gro-2.jpg&quot;);\">\n          <div class=\"u-clearfix u-sheet u-sheet-1\"><\/div>\n        <\/div>\n        <div class=\"skrollable u-align-left u-carousel-item u-clearfix u-image u-section-2-3\" src=\"\" data-image-width=\"1600\" data-image-height=\"900\" style=\"background-image: url(&quot;https:\/\/www.hauskristall.at\/wp-content\/uploads\/2025\/10\/Warth2-2.jpg&quot;);\">\n          <div class=\"u-clearfix u-sheet u-sheet-1\"><\/div>\n        <\/div>\n        <div class=\"skrollable u-align-left u-carousel-item u-clearfix u-image u-section-2-4\" src=\"\" style=\"background-image: url(&quot;https:\/\/www.hauskristall.at\/wp-content\/uploads\/2025\/10\/Wintershooting2019_cWarth-SchrckenTourismus_Fotograf_RatkoMedienagentur-ratko.at_810_3220Gro-2.jpg&quot;);\">\n          <div class=\"u-clearfix u-sheet u-sheet-1\"><\/div>\n        <\/div>\n        <div class=\"u-align-left u-carousel-item u-clearfix u-image u-section-2-5\" src=\"\" style=\"background-image: url(&quot;https:\/\/www.hauskristall.at\/wp-content\/uploads\/2025\/10\/SpyderWI19cW-STourismus_FotografHansiHeckmair__0171Gro-2.jpg&quot;);\">\n          <div class=\"u-clearfix u-sheet u-sheet-1\"><\/div>\n        <\/div>\n        <div class=\"u-align-left u-carousel-item u-clearfix u-image u-section-2-6\" src=\"\" style=\"background-image: url(&quot;https:\/\/www.hauskristall.at\/wp-content\/uploads\/2025\/10\/Wintershooting2019cWarth-SchrckenTourismus_Fotograf_RatkoMedienagentur-ratko.at_810_3255Gro-2.jpg&quot;);\">\n          <div class=\"u-clearfix u-sheet u-sheet-1\"><\/div>\n        <\/div>\n      <\/div>\n      <a class=\"u-absolute-vcenter u-carousel-control u-carousel-control-prev u-custom-color-6 u-icon-circle u-spacing-10 u-block-597e-3\" href=\"#carousel-13d5\" role=\"button\" data-u-slide=\"prev\"><span aria-hidden=\"true\">\n          <svg viewBox=\"0 0 477.175 477.175\"><path d=\"M145.188,238.575l215.5-215.5c5.3-5.3,5.3-13.8,0-19.1s-13.8-5.3-19.1,0l-225.1,225.1c-5.3,5.3-5.3,13.8,0,19.1l225.1,225\n                    c2.6,2.6,6.1,4,9.5,4s6.9-1.3,9.5-4c5.3-5.3,5.3-13.8,0-19.1L145.188,238.575z\"><\/path><\/svg><\/span><span class=\"sr-only\">Previous<\/span>\n      <\/a>\n      <a class=\"u-absolute-vcenter u-carousel-control u-carousel-control-next u-custom-color-6 u-icon-circle u-spacing-10 u-block-597e-4\" href=\"#carousel-13d5\" role=\"button\" data-u-slide=\"next\"><span aria-hidden=\"true\">\n          <svg viewBox=\"0 0 477.175 477.175\"><path d=\"M360.731,229.075l-225.1-225.1c-5.3-5.3-13.8-5.3-19.1,0s-5.3,13.8,0,19.1l215.5,215.5l-215.5,215.5\n                    c-5.3,5.3-5.3,13.8,0,19.1c2.6,2.6,6.1,4,9.5,4c3.4,0,6.9-1.3,9.5-4l225.1-225.1C365.931,242.875,365.931,234.275,360.731,229.075z\"><\/path><\/svg><\/span><span class=\"sr-only\">Next<\/span>\n      <\/a>\n    <\/section>\n    \n    \n    \n    \n  \n","protected":false},"excerpt":{"rendered":"<p>Herzlich Willkommen im&nbsp;Haus Kristall Sonnig gelegen im Ortszentrum von Warth und&nbsp;direkt&nbsp;im Skiarlberg Skigebiet Warth-Schr\u00f6cken &#8211;&nbsp;der Schneegarant am Arlberg! Auf Wunsch bringen wir Ihnen morgens&nbsp;frische Br\u00f6tchen&nbsp;vom B\u00e4cker direkt vor Ihre Wohnungst\u00fcr.&nbsp; Genie\u00dfen&nbsp;Sie entspannende Stunden&nbsp;in unserer Sauna und Infrarotw\u00e4rmekabine mit Ruheraum, die an drei bestimmten Tagen in der Woche kostenlos zur Verf\u00fcgung stehen &#8211;&nbsp;mit direktem Zugang zum &hellip; <a href=\"https:\/\/www.hauskristall.at\/\" class=\"more-link\">Continue reading<span class=\"screen-reader-text\"> &#8220;Haus Kristall&#8221;<\/span><\/a><\/p>\n","protected":false},"author":1,"featured_media":0,"parent":0,"menu_order":7,"comment_status":"closed","ping_status":"closed","template":"","meta":{"ngg_post_thumbnail":0,"footnotes":""},"class_list":["post-11602","page","type-page","status-publish","hentry"],"_links":{"self":[{"href":"https:\/\/www.hauskristall.at\/index.php?rest_route=\/wp\/v2\/pages\/11602","targetHints":{"allow":["GET"]}}],"collection":[{"href":"https:\/\/www.hauskristall.at\/index.php?rest_route=\/wp\/v2\/pages"}],"about":[{"href":"https:\/\/www.hauskristall.at\/index.php?rest_route=\/wp\/v2\/types\/page"}],"author":[{"embeddable":true,"href":"https:\/\/www.hauskristall.at\/index.php?rest_route=\/wp\/v2\/users\/1"}],"replies":[{"embeddable":true,"href":"https:\/\/www.hauskristall.at\/index.php?rest_route=%2Fwp%2Fv2%2Fcomments&post=11602"}],"version-history":[{"count":1,"href":"https:\/\/www.hauskristall.at\/index.php?rest_route=\/wp\/v2\/pages\/11602\/revisions"}],"predecessor-version":[{"id":11621,"href":"https:\/\/www.hauskristall.at\/index.php?rest_route=\/wp\/v2\/pages\/11602\/revisions\/11621"}],"wp:attachment":[{"href":"https:\/\/www.hauskristall.at\/index.php?rest_route=%2Fwp%2Fv2%2Fmedia&parent=11602"}],"curies":[{"name":"wp","href":"https:\/\/api.w.org\/{rel}","templated":true}]}}