{"id":11597,"date":"2025-10-12T14:55:55","date_gmt":"2025-10-12T12:55:55","guid":{"rendered":"https:\/\/www.hauskristall.at\/?page_id=11597"},"modified":"2025-10-12T14:56:13","modified_gmt":"2025-10-12T12:56:13","slug":"lage-anreise","status":"publish","type":"page","link":"https:\/\/www.hauskristall.at\/?page_id=11597","title":{"rendered":"Lage Anreise"},"content":{"rendered":"\n  \n    <section class=\"u-align-left u-clearfix u-container-align-left u-section-1\" id=\"carousel_10f2\">\n      <div class=\"u-expanded u-grey-10 u-map\">\n        <div class=\"embed-responsive\">\n          <iframe class=\"embed-responsive-item\" src=\"\/\/maps.google.com\/maps?output=embed&amp;q=Haus%20Kristall%20Warth%20am%20Arlberg&amp;t=k\" data-map=\"JTdCJTIycG9zaXRpb25UeXBlJTIyJTNBJTIybWFwLWFkZHJlc3MlMjIlMkMlMjJhZGRyZXNzJTIyJTNBJTIySGF1cyUyMEtyaXN0YWxsJTIwV2FydGglMjBhbSUyMEFybGJlcmclMjIlMkMlMjJ6b29tJTIyJTNBbnVsbCUyQyUyMnR5cGVJZCUyMiUzQSUyMnNhdGVsbGl0ZSUyMiUyQyUyMmxhbmclMjIlM0FudWxsJTJDJTIyYXBpS2V5JTIyJTNBbnVsbCUyQyUyMm1hcmtlcnMlMjIlM0ElNUIlNUQlN0Q=\"><\/iframe>\n        <\/div>\n      <\/div>\n    <\/section>\n    <section class=\"u-clearfix u-section-2\" id=\"sec-1be8\">\n      <div class=\"u-clearfix u-sheet u-sheet-1\">\n        <div class=\"data-layout-selected u-clearfix u-expanded-width u-gutter-10 u-layout-wrap u-layout-wrap-1\">\n          <div class=\"u-layout\">\n            <div class=\"u-layout-col\">\n              <div class=\"u-size-60\">\n                <div class=\"u-layout-row\">\n                  <div class=\"u-container-style u-image u-image-contain u-layout-cell u-left-cell u-size-30 u-image-1\" src=\"\" data-image-width=\"400\" data-image-height=\"289\" style=\"background-image: url(&quot;https:\/\/www.hauskristall.at\/wp-content\/uploads\/2025\/10\/anreise-2.gif&quot;);\">\n                    <div class=\"u-container-layout u-valign-middle u-container-layout-1\"><\/div>\n                  <\/div>\n                  <div class=\"u-container-style u-layout-cell u-right-cell u-size-30 u-layout-cell-2\">\n                    <div class=\"u-container-layout u-container-layout-2\">\n                      <p class=\"u-align-center u-text u-text-custom-color-6 u-text-1\">Achtung zwischen Warth und Lech besteht WINTERSPERRE von Dezember bis Mai! \u00dcberpr\u00fcfen Sie bitte die Anreiseroute in Ihrem Navigationsger\u00e4t!<\/p>\n                      <p class=\"u-align-center u-text u-text-2\">MAUTFREI:<br>Lindau - A14 - Pf\u00e4ndertunnel - Dornbirn NORD - Achraintunnel - Alberschwende - Bregenzerwald - Bezau - Warth<br>(Mautfrei - zwischen H\u00f6rbranz\/Lindau (D) und Dornbirn Nord wird keine \u00f6sterreichische Vignette ben\u00f6tigt)<br>\n                        <br>\u00dcber die A8\/A7 bis Oy - Oberjoch - Tannheim - Lechtal - Elbigenalp - Warth<br>\n                        <br>Von M\u00fcnchen: A95 - Oberau - Ettal - Linderhof - Grenz\u00fcbergang Ammerwald - Plansee - Reutte - Elbigenalp - Warth<br>\n                        <br>Aus der Schweiz: N1 - St. Margrethen - Au\/CH - Lustenau - Dornbirn - B\u00f6dele - Bezau - Warth\n                      <\/p>\n                    <\/div>\n                  <\/div>\n                <\/div>\n              <\/div>\n            <\/div>\n          <\/div>\n        <\/div>\n      <\/div>\n    <\/section>\n    \n    \n    \n    \n  \n","protected":false},"excerpt":{"rendered":"<p>Achtung zwischen Warth und Lech besteht WINTERSPERRE von Dezember bis Mai! \u00dcberpr\u00fcfen Sie bitte die Anreiseroute in Ihrem Navigationsger\u00e4t! MAUTFREI:Lindau &#8211; A14 &#8211; Pf\u00e4ndertunnel &#8211; Dornbirn NORD &#8211; Achraintunnel &#8211; Alberschwende &#8211; Bregenzerwald &#8211; Bezau &#8211; Warth(Mautfrei &#8211; zwischen H\u00f6rbranz\/Lindau (D) und Dornbirn Nord wird keine \u00f6sterreichische Vignette ben\u00f6tigt) \u00dcber die A8\/A7 bis Oy &#8211; &hellip; <a href=\"https:\/\/www.hauskristall.at\/?page_id=11597\" class=\"more-link\">Continue reading<span class=\"screen-reader-text\"> &#8220;Lage Anreise&#8221;<\/span><\/a><\/p>\n","protected":false},"author":1,"featured_media":0,"parent":0,"menu_order":2,"comment_status":"closed","ping_status":"closed","template":"","meta":{"ngg_post_thumbnail":0,"footnotes":""},"class_list":["post-11597","page","type-page","status-publish","hentry"],"_links":{"self":[{"href":"https:\/\/www.hauskristall.at\/index.php?rest_route=\/wp\/v2\/pages\/11597","targetHints":{"allow":["GET"]}}],"collection":[{"href":"https:\/\/www.hauskristall.at\/index.php?rest_route=\/wp\/v2\/pages"}],"about":[{"href":"https:\/\/www.hauskristall.at\/index.php?rest_route=\/wp\/v2\/types\/page"}],"author":[{"embeddable":true,"href":"https:\/\/www.hauskristall.at\/index.php?rest_route=\/wp\/v2\/users\/1"}],"replies":[{"embeddable":true,"href":"https:\/\/www.hauskristall.at\/index.php?rest_route=%2Fwp%2Fv2%2Fcomments&post=11597"}],"version-history":[{"count":1,"href":"https:\/\/www.hauskristall.at\/index.php?rest_route=\/wp\/v2\/pages\/11597\/revisions"}],"predecessor-version":[{"id":11616,"href":"https:\/\/www.hauskristall.at\/index.php?rest_route=\/wp\/v2\/pages\/11597\/revisions\/11616"}],"wp:attachment":[{"href":"https:\/\/www.hauskristall.at\/index.php?rest_route=%2Fwp%2Fv2%2Fmedia&parent=11597"}],"curies":[{"name":"wp","href":"https:\/\/api.w.org\/{rel}","templated":true}]}}